{"id":4703,"date":"2026-01-28T18:56:14","date_gmt":"2026-01-28T18:56:14","guid":{"rendered":"https:\/\/hiljalleen.com\/?page_id=4703"},"modified":"2026-04-25T19:38:45","modified_gmt":"2026-04-25T19:38:45","slug":"apps","status":"publish","type":"page","link":"https:\/\/hiljalleen.com\/fi\/apps\/","title":{"rendered":"Our Apps"},"content":{"rendered":"<div data-elementor-type=\"wp-page\" data-elementor-id=\"4703\" class=\"elementor elementor-4703\">\n\t\t\t\t<div class=\"elementor-element elementor-element-1f977f6b e-flex e-con-boxed e-con e-parent\" data-id=\"1f977f6b\" data-element_type=\"container\" data-e-type=\"container\" data-settings=\"{&quot;background_background&quot;:&quot;classic&quot;}\">\n\t\t\t\t\t<div class=\"e-con-inner\">\n\t\t\t\t<div class=\"elementor-element elementor-element-bdbb8b3 elementor-widget elementor-widget-image\" data-id=\"bdbb8b3\" data-element_type=\"widget\" data-e-type=\"widget\" data-widget_type=\"image.default\">\n\t\t\t\t<div class=\"elementor-widget-container\">\n\t\t\t\t\t\t\t\t\t\t\t\t\t\t\t<img fetchpriority=\"high\" decoding=\"async\" width=\"713\" height=\"600\" src=\"https:\/\/hiljalleen.com\/wp-content\/uploads\/2026\/04\/hiljalleen_logo_reunuksilla.webp\" class=\"attachment-large size-large wp-image-4926\" alt=\"hiljalleen logo reunuksilla\" srcset=\"https:\/\/hiljalleen.com\/wp-content\/uploads\/2026\/04\/hiljalleen_logo_reunuksilla.webp 713w, https:\/\/hiljalleen.com\/wp-content\/uploads\/2026\/04\/hiljalleen_logo_reunuksilla-300x252.webp 300w, https:\/\/hiljalleen.com\/wp-content\/uploads\/2026\/04\/hiljalleen_logo_reunuksilla-14x12.webp 14w\" sizes=\"(max-width: 713px) 100vw, 713px\" title=\"Our Apps\">\t\t\t\t\t\t\t\t\t\t\t\t\t\t\t<\/div>\n\t\t\t\t<\/div>\n\t\t\t\t\t<\/div>\n\t\t\t\t<\/div>\n\t\t<div class=\"elementor-element elementor-element-4fa9149 e-flex e-con-boxed e-con e-parent\" data-id=\"4fa9149\" data-element_type=\"container\" data-e-type=\"container\" data-settings=\"{&quot;background_background&quot;:&quot;classic&quot;}\">\n\t\t\t\t\t<div class=\"e-con-inner\">\n\t\t<div class=\"elementor-element elementor-element-7f676a8 e-con-full e-flex e-con e-child\" data-id=\"7f676a8\" data-element_type=\"container\" data-e-type=\"container\">\n\t\t<div class=\"elementor-element elementor-element-8dea070 e-con-full e-flex e-con e-child\" data-id=\"8dea070\" data-element_type=\"container\" data-e-type=\"container\">\n\t\t\t\t<div class=\"elementor-element elementor-element-e84a49c elementor-widget elementor-widget-image\" data-id=\"e84a49c\" data-element_type=\"widget\" data-e-type=\"widget\" data-widget_type=\"image.default\">\n\t\t\t\t<div class=\"elementor-widget-container\">\n\t\t\t\t\t\t\t\t\t\t\t\t\t\t\t<img decoding=\"async\" width=\"711\" height=\"1069\" src=\"https:\/\/hiljalleen.com\/wp-content\/uploads\/2026\/01\/compass-splash2.webp\" class=\"attachment-full size-full wp-image-4815\" alt=\"compass splash2\" srcset=\"https:\/\/hiljalleen.com\/wp-content\/uploads\/2026\/01\/compass-splash2.webp 711w, https:\/\/hiljalleen.com\/wp-content\/uploads\/2026\/01\/compass-splash2-200x300.webp 200w, https:\/\/hiljalleen.com\/wp-content\/uploads\/2026\/01\/compass-splash2-681x1024.webp 681w, https:\/\/hiljalleen.com\/wp-content\/uploads\/2026\/01\/compass-splash2-8x12.webp 8w\" sizes=\"(max-width: 711px) 100vw, 711px\" title=\"Our Apps\">\t\t\t\t\t\t\t\t\t\t\t\t\t\t\t<\/div>\n\t\t\t\t<\/div>\n\t\t\t\t<\/div>\n\t\t<div class=\"elementor-element elementor-element-b76b6ed e-con-full e-flex e-con e-child\" data-id=\"b76b6ed\" data-element_type=\"container\" data-e-type=\"container\">\n\t\t\t\t<div class=\"elementor-element elementor-element-7488097 elementor-widget elementor-widget-heading\" data-id=\"7488097\" data-element_type=\"widget\" data-e-type=\"widget\" data-widget_type=\"heading.default\">\n\t\t\t\t<div class=\"elementor-widget-container\">\n\t\t\t\t\t<h3 class=\"elementor-heading-title elementor-size-default\">Hiljalleen Kommunikaatiopassi<\/h3>\t\t\t\t<\/div>\n\t\t\t\t<\/div>\n\t\t\t\t<div class=\"elementor-element elementor-element-a0af6ea elementor-widget elementor-widget-heading\" data-id=\"a0af6ea\" data-element_type=\"widget\" data-e-type=\"widget\" data-widget_type=\"heading.default\">\n\t\t\t\t<div class=\"elementor-widget-container\">\n\t\t\t\t\t<h3 class=\"elementor-heading-title elementor-size-default\">Nyt ladattavissa App Storesta ja Google Play Storesta!<\/h3>\t\t\t\t<\/div>\n\t\t\t\t<\/div>\n\t\t\t\t<div class=\"elementor-element elementor-element-5561a26 elementor-widget elementor-widget-text-editor\" data-id=\"5561a26\" data-element_type=\"widget\" data-e-type=\"widget\" data-widget_type=\"text-editor.default\">\n\t\t\t\t<div class=\"elementor-widget-container\">\n\t\t\t\t\t\t\t\t\t<h3><strong style=\"font-size: 16px; font-style: inherit; color: var( --e-global-color-astglobalcolor3 ); text-align: var(--text-align); font-family: Lora, serif;\" data-start=\"352\" data-end=\"407\">Kokeile MAKSUTONTA kommunikaatiopassiamme niihin hetkiin, jolloin sanat eiv\u00e4t vain tule.  Voit muokata sen tekstej\u00e4 ja v\u00e4rej\u00e4. Se sis\u00e4lt\u00e4\u00e4 my\u00f6s kaksi n\u00e4pp\u00e4r\u00e4\u00e4 puhetta tukevaa ja korjaavaa (AAC) keinoa!&nbsp;<\/strong><\/h3>\n<p><br data-start=\"407\" data-end=\"410\">Stressi v\u00e4henee uusissa tilanteissa, kun voit jakaa ajatuksesi ja mietteesi my\u00f6s sanattomin keinoin.<\/p>\n<p><span data-start=\"647\" data-end=\"668\"><span style=\"font-size: 1rem;\">\u2022<\/span><span style=\"font-size: 1rem;\">&nbsp;<\/span>Maksuton<\/span>&nbsp;<\/p>\n<p>\u2022 Ei mainoksia&nbsp;<\/p>\n<p>\u2022 Ei k\u00e4ytt\u00e4j\u00e4tilej\u00e4&nbsp;<\/p>\n<p>\u2022 Yksityinen. Emme n\u00e4e dataasi, eik\u00e4 sit\u00e4 jaeta kolmansille osapuolille.<\/p>\t\t\t\t\t\t\t\t<\/div>\n\t\t\t\t<\/div>\n\t\t\t\t<div class=\"elementor-element elementor-element-b8da64c elementor-widget elementor-widget-text-editor\" data-id=\"b8da64c\" data-element_type=\"widget\" data-e-type=\"widget\" data-widget_type=\"text-editor.default\">\n\t\t\t\t<div class=\"elementor-widget-container\">\n\t\t\t\t\t\t\t\t\t<h3 style=\"font-style: normal;\">Kenelle se sopii?<\/h3><p>T\u00e4m\u00e4 sovellus on suunniteltu <b>kaiken ik\u00e4isille ihmisille, joilla sanojen tuleminen voi olla vaikeaa. Et ole yksin t\u00e4m\u00e4n kanssa.\u00a0<\/b><\/p><p><b>\u00a0<\/b><\/p><p data-start=\"949\" data-end=\"1008\">Voit muokata kommunikaatiopassin viestej\u00e4 sopimaan tilanteesesi helposti, esimerkiksi jos sinulla on:<\/p><ul data-start=\"1009\" data-end=\"1208\"><li data-start=\"1009\" data-end=\"1041\"><p data-start=\"1011\" data-end=\"1041\">tilannekohtainen puhumattomuus<\/p><\/li><li data-start=\"1042\" data-end=\"1073\"><p data-start=\"1044\" data-end=\"1073\">autismin kirjon piirteit\u00e4<\/p><\/li><li data-start=\"1074\" data-end=\"1090\"><p data-start=\"1076\" data-end=\"1090\">kuulon alenema<\/p><\/li><li data-start=\"1091\" data-end=\"1137\"><p data-start=\"1093\" data-end=\"1137\">\u00e4\u00e4nesi on mennyt, tai \u00e4\u00e4nihuulissasi on vaurioita<\/p><\/li><li data-start=\"1138\" data-end=\"1208\"><p data-start=\"1140\" data-end=\"1208\">puheen tuoton vaikeuksia tai afasia\u00a0<span style=\"font-style: inherit; font-weight: inherit;\">aphasia<\/span><\/p><\/li><li data-start=\"1138\" data-end=\"1208\"><p data-start=\"1140\" data-end=\"1208\">tai mik\u00e4 tahansa tilanne, joka vaikuttaa puheeseesi tai puheen ymm\u00e4rt\u00e4miseen<span style=\"font-style: inherit; font-weight: inherit;\">\u00a0<\/span><\/p><\/li><\/ul><p><span style=\"font-style: inherit; font-weight: inherit;\">Kun olet ladannut sovelluksen, ja tied\u00e4t ett\u00e4 voit k\u00e4ytt\u00e4\u00e4 sit\u00e4 halutessasi, se tuo turvaa odottamattomiin tilanteisiin.\u00a0<\/span><span style=\"font-style: inherit; font-weight: inherit;\">Se voi auttaa rauhoittamaan hermostoa vieraissa tai stressaavissa tilanteissa.<\/span><\/p>\t\t\t\t\t\t\t\t<\/div>\n\t\t\t\t<\/div>\n\t\t\t\t<div class=\"elementor-element elementor-element-eedcc6e elementor-widget elementor-widget-heading\" data-id=\"eedcc6e\" data-element_type=\"widget\" data-e-type=\"widget\" data-widget_type=\"heading.default\">\n\t\t\t\t<div class=\"elementor-widget-container\">\n\t\t\t\t\t<h3 class=\"elementor-heading-title elementor-size-default\">Miksi tarvitsen sen?<\/h3>\t\t\t\t<\/div>\n\t\t\t\t<\/div>\n\t\t\t\t<div class=\"elementor-element elementor-element-5de9e75 elementor-widget elementor-widget-text-editor\" data-id=\"5de9e75\" data-element_type=\"widget\" data-e-type=\"widget\" data-widget_type=\"text-editor.default\">\n\t\t\t\t<div class=\"elementor-widget-container\">\n\t\t\t\t\t\t\t\t\t<p><b>Tuomaan mielenrauhaa yll\u00e4tt\u00e4viin tilanteisiin.<\/b>&nbsp;Voit viesti\u00e4 k\u00e4ytt\u00e4m\u00e4ll\u00e4 Kommunikaatiopassin AAC painikkeita tai piirtoalustan avulla. Voit n\u00e4ytt\u00e4\u00e4 tekem\u00e4\u00e4si Infokorttia esimerkiksi sijaisopettajalle, tai muussa tilanteessa jossa on riski, ett\u00e4 sinut v\u00e4\u00e4rinymm\u00e4rret\u00e4\u00e4n tai sinulle asetetaan mahdottomia vaatimuksia.&nbsp;<\/p>\n<p>Ehk\u00e4 olet menossa uuteen koulurakennukseen tai sairaalaan, ja oletkin yll\u00e4tt\u00e4en huonovointinen, tai eksynyt. Tai, kuten meille kaikille k\u00e4y joskus vieraassa paikassa, vessa pit\u00e4isikin l\u00f6yt\u00e4\u00e4 ihan heti! T\u00e4m\u00e4 sovellus auttaa luovimaan odottamattomien tilanteiden l\u00e4pi, ja tarjoaa tavan viesti\u00e4 muille niin, ett\u00e4 he ymm\u00e4rt\u00e4v\u00e4t.&nbsp;<\/p>\n<p><b>Tuomaan lis\u00e4\u00e4 itsen\u00e4isyytt\u00e4.<\/b> Sovellus voi tuoda sinulle turvallisuuden tunnetta, kun liikut uusissa paikoissa. Vaikkapa kauppakeskuksessa, uudessa koulussa, uudessa harrastuksessa, tai ravintolassa. Voit k\u00e4ytt\u00e4\u00e4 sit\u00e4 jopa ulkomaanmatkalla englanniksi. Jos haluat, voit k\u00e4ytt\u00e4\u00e4 sit\u00e4 viestim\u00e4\u00e4n toiveesi uusille l\u00e4\u00e4k\u00e4reille tai terapeuteille. Voit tuoda omat toiveesi paremmin esiin vaikkapa hoitoneuvottelussa. Kommunikaatiopassi lis\u00e4\u00e4 siten sit\u00e4, ett\u00e4 saat p\u00e4\u00e4t\u00e4nt\u00e4valtaa omiin asioihisi ja tulet kuulluksi.&nbsp;<\/p>\n<p>Kommunikaatiopassi saattaa v\u00e4hent\u00e4\u00e4 riski\u00e4, ett\u00e4 muut v\u00e4\u00e4rinymm\u00e4rt\u00e4v\u00e4t toimintaasi, tai tulkitsevat sinua t\u00f6yke\u00e4ksi, silloin kun et ole. Sovellus saattaa auttaa muita ottamaan sinut paremmin huomioon, niin ett\u00e4 he olisivat yst\u00e4v\u00e4llisempi\u00e4 ja ymm\u00e4rt\u00e4v\u00e4isempi\u00e4 tilanteellesi, eiv\u00e4tk\u00e4 tuomitsisi sinua.<\/p>\n<p><b style=\"font-style: inherit;\">&nbsp;<\/b><\/p>\n<p><b style=\"font-style: inherit;\">Toivomme, ett\u00e4 voisimme kommunikaatiopassilla helpottaa el\u00e4m\u00e4\u00e4si! T\u00e4ll\u00e4 Kommunikaatiopassilla on meille henkil\u00f6kohtainen merkitys, ja se on suunniteltu alan asiantuntijan toimesta. Mielell\u00e4mme kuulemme palautetta, miten saisimme passista viel\u00e4kin paremman! Laitathan rohkeasti meille viesti\u00e4, miten kehitt\u00e4\u00e4 sovellusta edelleen.&nbsp;<\/b><\/p>\n<p><b>&nbsp;<\/b><\/p>\n<p><b>Vanhemmat, l\u00e4\u00e4k\u00e4rit ja terapeutit ovat my\u00f6s eritt\u00e4in tervetulleita kokeilemaan sovellusta. Sovellus on otettu hyvin vastaan l\u00e4\u00e4k\u00e4reiden ja terapeuttien osalta. Jos olet ep\u00e4varma, soveltuuko Kommunikaatiopassi sinulle, kysyth\u00e4n asiaa l\u00e4\u00e4k\u00e4rilt\u00e4si tai hoitavalta asiantuntijaltasi ja n\u00e4yt\u00e4t h\u00e4nelle sovellusta.&nbsp;<\/b><\/p>\t\t\t\t\t\t\t\t<\/div>\n\t\t\t\t<\/div>\n\t\t\t\t<\/div>\n\t\t\t\t<\/div>\n\t\t\t\t\t<\/div>\n\t\t\t\t<\/div>\n\t\t<div class=\"elementor-element elementor-element-fea1845 e-flex e-con-boxed e-con e-parent\" data-id=\"fea1845\" data-element_type=\"container\" data-e-type=\"container\" data-settings=\"{&quot;background_background&quot;:&quot;classic&quot;}\">\n\t\t\t\t\t<div class=\"e-con-inner\">\n\t\t<div class=\"elementor-element elementor-element-287cae9 e-con-full e-flex e-con e-child\" data-id=\"287cae9\" data-element_type=\"container\" data-e-type=\"container\">\n\t\t<div class=\"elementor-element elementor-element-f9717e5 e-con-full e-flex e-con e-child\" data-id=\"f9717e5\" data-element_type=\"container\" data-e-type=\"container\">\n\t\t\t\t<div class=\"elementor-element elementor-element-09d425b elementor-widget elementor-widget-image\" data-id=\"09d425b\" data-element_type=\"widget\" data-e-type=\"widget\" data-widget_type=\"image.default\">\n\t\t\t\t<div class=\"elementor-widget-container\">\n\t\t\t\t\t\t\t\t\t\t\t\t\t\t\t<img decoding=\"async\" width=\"2048\" height=\"2560\" src=\"https:\/\/hiljalleen.com\/wp-content\/uploads\/2025\/11\/mika-luoma-tmeNZ4dIN3o-unsplash-scaled.jpg\" class=\"attachment-full size-full wp-image-4497\" alt=\"mika luoma tmenz4din3o unsplash\" srcset=\"https:\/\/hiljalleen.com\/wp-content\/uploads\/2025\/11\/mika-luoma-tmeNZ4dIN3o-unsplash-scaled.jpg 2048w, https:\/\/hiljalleen.com\/wp-content\/uploads\/2025\/11\/mika-luoma-tmeNZ4dIN3o-unsplash-scaled-600x750.jpg 600w, https:\/\/hiljalleen.com\/wp-content\/uploads\/2025\/11\/mika-luoma-tmeNZ4dIN3o-unsplash-240x300.jpg 240w, https:\/\/hiljalleen.com\/wp-content\/uploads\/2025\/11\/mika-luoma-tmeNZ4dIN3o-unsplash-819x1024.jpg 819w, https:\/\/hiljalleen.com\/wp-content\/uploads\/2025\/11\/mika-luoma-tmeNZ4dIN3o-unsplash-768x960.jpg 768w, https:\/\/hiljalleen.com\/wp-content\/uploads\/2025\/11\/mika-luoma-tmeNZ4dIN3o-unsplash-1229x1536.jpg 1229w, https:\/\/hiljalleen.com\/wp-content\/uploads\/2025\/11\/mika-luoma-tmeNZ4dIN3o-unsplash-1639x2048.jpg 1639w\" sizes=\"(max-width: 2048px) 100vw, 2048px\" title=\"Our Apps\">\t\t\t\t\t\t\t\t\t\t\t\t\t\t\t<\/div>\n\t\t\t\t<\/div>\n\t\t\t\t<\/div>\n\t\t<div class=\"elementor-element elementor-element-a86baab e-con-full e-flex e-con e-child\" data-id=\"a86baab\" data-element_type=\"container\" data-e-type=\"container\">\n\t\t\t\t<div class=\"elementor-element elementor-element-8193b80 elementor-widget elementor-widget-heading\" data-id=\"8193b80\" data-element_type=\"widget\" data-e-type=\"widget\" data-widget_type=\"heading.default\">\n\t\t\t\t<div class=\"elementor-widget-container\">\n\t\t\t\t\t<h3 class=\"elementor-heading-title elementor-size-default\">Tulossa<\/h3>\t\t\t\t<\/div>\n\t\t\t\t<\/div>\n\t\t\t\t<div class=\"elementor-element elementor-element-f69470b elementor-widget elementor-widget-text-editor\" data-id=\"f69470b\" data-element_type=\"widget\" data-e-type=\"widget\" data-widget_type=\"text-editor.default\">\n\t\t\t\t<div class=\"elementor-widget-container\">\n\t\t\t\t\t\t\t\t\t<p>Sovelluksia ja ilmaisia oppaita vanhemmuuden tueksi ja lasten oppimisen tueksi<\/p>\t\t\t\t\t\t\t\t<\/div>\n\t\t\t\t<\/div>\n\t\t\t\t<div class=\"elementor-element elementor-element-e05137e elementor-widget elementor-widget-text-editor\" data-id=\"e05137e\" data-element_type=\"widget\" data-e-type=\"widget\" data-widget_type=\"text-editor.default\">\n\t\t\t\t<div class=\"elementor-widget-container\">\n\t\t\t\t\t\t\t\t\t<p>Teemme k\u00e4yt\u00e4nn\u00f6nl\u00e4heisi\u00e4 ty\u00f6kaluja, joilla vanhemmuus voi tuntua hieman helpommalta ja lasten motivoiminen sujuvoitua. Toivon mukaan vanhemmuuden tuoma v\u00e4symys voi n\u00e4ill\u00e4 inan verran helpottaa.\u00a0<\/p><p>\u00a0<\/p><p>K\u00e4yt\u00e4mme sovelluksissamme k\u00e4sin tietokoneella piirrettyj\u00e4 kuvituksia. Ne tuntuvat ihmisl\u00e4heisemmilt\u00e4 ja eettisemmin tuotetuilta, ja ovat t\u00e4ydellisen ep\u00e4t\u00e4ydellisi\u00e4 tuotoksia.\u00a0<\/p>\t\t\t\t\t\t\t\t<\/div>\n\t\t\t\t<\/div>\n\t\t\t\t<div class=\"elementor-element elementor-element-e777b32 elementor-widget elementor-widget-text-editor\" data-id=\"e777b32\" data-element_type=\"widget\" data-e-type=\"widget\" data-widget_type=\"text-editor.default\">\n\t\t\t\t<div class=\"elementor-widget-container\">\n\t\t\t\t\t\t\t\t\t<p>Olemme innoissamme, kun n\u00e4emme sen ilon mit\u00e4 sovelluksemme tuovat lapsillemme ja asiakkaillemme. P\u00e4\u00e4set siit\u00e4 pian osalliseksi. Se s\u00e4\u00e4st\u00e4\u00e4 sinulta monen monta tuntia suunnittelua ja ty\u00f6t\u00e4.\u00a0\u00a0<\/p>\t\t\t\t\t\t\t\t<\/div>\n\t\t\t\t<\/div>\n\t\t\t\t<div class=\"elementor-element elementor-element-277c6aa elementor-widget elementor-widget-text-editor\" data-id=\"277c6aa\" data-element_type=\"widget\" data-e-type=\"widget\" data-widget_type=\"text-editor.default\">\n\t\t\t\t<div class=\"elementor-widget-container\">\n\t\t\t\t\t\t\t\t\t<p>Kaikki sovelluksemme on suunnitellut lastenpsykologi.<\/p>\t\t\t\t\t\t\t\t<\/div>\n\t\t\t\t<\/div>\n\t\t\t\t<\/div>\n\t\t\t\t<\/div>\n\t\t\t\t\t<\/div>\n\t\t\t\t<\/div>\n\t\t<div class=\"elementor-element elementor-element-f38392b e-flex e-con-boxed e-con e-parent\" data-id=\"f38392b\" data-element_type=\"container\" data-e-type=\"container\" data-settings=\"{&quot;background_background&quot;:&quot;classic&quot;}\">\n\t\t\t\t\t<div class=\"e-con-inner\">\n\t\t<div class=\"elementor-element elementor-element-771577b e-con-full e-flex e-con e-child\" data-id=\"771577b\" data-element_type=\"container\" data-e-type=\"container\">\n\t\t<div class=\"elementor-element elementor-element-9533482 e-con-full e-flex e-con e-child\" data-id=\"9533482\" data-element_type=\"container\" data-e-type=\"container\">\n\t\t\t\t<div class=\"elementor-element elementor-element-8761e8c elementor-widget elementor-widget-image\" data-id=\"8761e8c\" data-element_type=\"widget\" data-e-type=\"widget\" data-widget_type=\"image.default\">\n\t\t\t\t<div class=\"elementor-widget-container\">\n\t\t\t\t\t\t\t\t\t\t\t\t\t\t\t<img loading=\"lazy\" decoding=\"async\" width=\"2560\" height=\"2560\" src=\"https:\/\/hiljalleen.com\/wp-content\/uploads\/2025\/11\/mika-luoma-riLJPepT12s-unsplash-scaled.jpg\" class=\"attachment-full size-full wp-image-4495\" alt=\"mika luoma riljpept12s unsplash\" srcset=\"https:\/\/hiljalleen.com\/wp-content\/uploads\/2025\/11\/mika-luoma-riLJPepT12s-unsplash-scaled.jpg 2560w, https:\/\/hiljalleen.com\/wp-content\/uploads\/2025\/11\/mika-luoma-riLJPepT12s-unsplash-300x300.jpg 300w, https:\/\/hiljalleen.com\/wp-content\/uploads\/2025\/11\/mika-luoma-riLJPepT12s-unsplash-scaled-100x100.jpg 100w, https:\/\/hiljalleen.com\/wp-content\/uploads\/2025\/11\/mika-luoma-riLJPepT12s-unsplash-scaled-600x600.jpg 600w, https:\/\/hiljalleen.com\/wp-content\/uploads\/2025\/11\/mika-luoma-riLJPepT12s-unsplash-1024x1024.jpg 1024w, https:\/\/hiljalleen.com\/wp-content\/uploads\/2025\/11\/mika-luoma-riLJPepT12s-unsplash-150x150.jpg 150w, https:\/\/hiljalleen.com\/wp-content\/uploads\/2025\/11\/mika-luoma-riLJPepT12s-unsplash-768x768.jpg 768w, https:\/\/hiljalleen.com\/wp-content\/uploads\/2025\/11\/mika-luoma-riLJPepT12s-unsplash-1536x1536.jpg 1536w, https:\/\/hiljalleen.com\/wp-content\/uploads\/2025\/11\/mika-luoma-riLJPepT12s-unsplash-2048x2048.jpg 2048w\" sizes=\"(max-width: 2560px) 100vw, 2560px\" title=\"Our Apps\">\t\t\t\t\t\t\t\t\t\t\t\t\t\t\t<\/div>\n\t\t\t\t<\/div>\n\t\t\t\t<\/div>\n\t\t<div class=\"elementor-element elementor-element-cffba5b e-con-full e-flex e-con e-child\" data-id=\"cffba5b\" data-element_type=\"container\" data-e-type=\"container\">\n\t\t\t\t<div class=\"elementor-element elementor-element-62ae438 elementor-widget elementor-widget-heading\" data-id=\"62ae438\" data-element_type=\"widget\" data-e-type=\"widget\" data-widget_type=\"heading.default\">\n\t\t\t\t<div class=\"elementor-widget-container\">\n\t\t\t\t\t<h3 class=\"elementor-heading-title elementor-size-default\">Tulossa loppuvuodesta 2026<\/h3>\t\t\t\t<\/div>\n\t\t\t\t<\/div>\n\t\t\t\t<div class=\"elementor-element elementor-element-d330df6 elementor-widget elementor-widget-text-editor\" data-id=\"d330df6\" data-element_type=\"widget\" data-e-type=\"widget\" data-widget_type=\"text-editor.default\">\n\t\t\t\t<div class=\"elementor-widget-container\">\n\t\t\t\t\t\t\t\t\t<p>Meill\u00e4 on paljon j\u00e4nnitt\u00e4vi\u00e4 projekteja tiedossa!<\/p>\t\t\t\t\t\t\t\t<\/div>\n\t\t\t\t<\/div>\n\t\t\t\t<\/div>\n\t\t\t\t<\/div>\n\t\t\t\t\t<\/div>\n\t\t\t\t<\/div>\n\t\t<div class=\"elementor-element elementor-element-16ed689 e-flex e-con-boxed e-con e-parent\" data-id=\"16ed689\" data-element_type=\"container\" data-e-type=\"container\" data-settings=\"{&quot;background_background&quot;:&quot;classic&quot;}\">\n\t\t\t\t\t<div class=\"e-con-inner\">\n\t\t\t\t<div class=\"elementor-element elementor-element-816dc98 elementor-widget elementor-widget-heading\" data-id=\"816dc98\" data-element_type=\"widget\" data-e-type=\"widget\" data-widget_type=\"heading.default\">\n\t\t\t\t<div class=\"elementor-widget-container\">\n\t\t\t\t\t<h2 class=\"elementor-heading-title elementor-size-default\">Onko sinulla lis\u00e4\u00e4 ideoita?<\/h2>\t\t\t\t<\/div>\n\t\t\t\t<\/div>\n\t\t\t\t<div class=\"elementor-element elementor-element-743be35 elementor-widget elementor-widget-heading\" data-id=\"743be35\" data-element_type=\"widget\" data-e-type=\"widget\" data-widget_type=\"heading.default\">\n\t\t\t\t<div class=\"elementor-widget-container\">\n\t\t\t\t\t<h3 class=\"elementor-heading-title elementor-size-default\">L\u00e4het\u00e4 meille viesti ja kerro toiveistasi ja tarpeistasi. Meist\u00e4 on ihana suunnitella sovelluksia, joilla voi olla iso merkitys ihmisten el\u00e4m\u00e4ss\u00e4. <\/h3>\t\t\t\t<\/div>\n\t\t\t\t<\/div>\n\t\t\t\t<div class=\"elementor-element elementor-element-f067fd6 elementor-align-center elementor-widget elementor-widget-button\" data-id=\"f067fd6\" data-element_type=\"widget\" data-e-type=\"widget\" data-widget_type=\"button.default\">\n\t\t\t\t<div class=\"elementor-widget-container\">\n\t\t\t\t\t\t\t\t\t<div class=\"elementor-button-wrapper\">\n\t\t\t\t\t<a class=\"elementor-button elementor-button-link elementor-size-sm\" href=\"\/fi\/contact\/\">\n\t\t\t\t\t\t<span class=\"elementor-button-content-wrapper\">\n\t\t\t\t\t\t\t\t\t<span class=\"elementor-button-text\">Ota meihin yhteytt\u00e4<\/span>\n\t\t\t\t\t<\/span>\n\t\t\t\t\t<\/a>\n\t\t\t\t<\/div>\n\t\t\t\t\t\t\t\t<\/div>\n\t\t\t\t<\/div>\n\t\t\t\t\t<\/div>\n\t\t\t\t<\/div>\n\t\t<div class=\"elementor-element elementor-element-66f62e7 e-flex e-con-boxed e-con e-parent\" data-id=\"66f62e7\" data-element_type=\"container\" data-e-type=\"container\">\n\t\t\t\t\t<div class=\"e-con-inner\">\n\t\t\t\t\t<\/div>\n\t\t\t\t<\/div>\n\t\t\t\t<\/div>","protected":false},"excerpt":{"rendered":"<p>Communication Passport Now available in the App Store and Google Play Store! Try our FREE communication tool for nonverbal moments. It is a customizable Communication Passport, with two easy to use AAC methods built-in.&nbsp; Stress less about new situations, and share your opinions and thoughts in a way that feels possible right now. \u2022&nbsp;Free&nbsp; \u2022 [&hellip;]<\/p>\n","protected":false},"author":3,"featured_media":0,"parent":0,"menu_order":0,"comment_status":"closed","ping_status":"closed","template":"","meta":{"_eb_attr":"","site-sidebar-layout":"no-sidebar","site-content-layout":"page-builder","ast-site-content-layout":"default","site-content-style":"default","site-sidebar-style":"default","ast-global-header-display":"","ast-banner-title-visibility":"","ast-main-header-display":"","ast-hfb-above-header-display":"","ast-hfb-below-header-display":"","ast-hfb-mobile-header-display":"","site-post-title":"disabled","ast-breadcrumbs-content":"","ast-featured-img":"disabled","footer-sml-layout":"","ast-disable-related-posts":"","theme-transparent-header-meta":"enabled","adv-header-id-meta":"","stick-header-meta":"","header-above-stick-meta":"","header-main-stick-meta":"","header-below-stick-meta":"","astra-migrate-meta-layouts":"default","ast-page-background-enabled":"default","ast-page-background-meta":{"desktop":{"background-color":"var(--ast-global-color-4)","background-image":"","background-repeat":"repeat","background-position":"center center","background-size":"auto","background-attachment":"scroll","background-type":"","background-media":"","overlay-type":"","overlay-color":"","overlay-opacity":"","overlay-gradient":""},"tablet":{"background-color":"","background-image":"","background-repeat":"repeat","background-position":"center center","background-size":"auto","background-attachment":"scroll","background-type":"","background-media":"","overlay-type":"","overlay-color":"","overlay-opacity":"","overlay-gradient":""},"mobile":{"background-color":"","background-image":"","background-repeat":"repeat","background-position":"center center","background-size":"auto","background-attachment":"scroll","background-type":"","background-media":"","overlay-type":"","overlay-color":"","overlay-opacity":"","overlay-gradient":""}},"ast-content-background-meta":{"desktop":{"background-color":"var(--ast-global-color-5)","background-image":"","background-repeat":"repeat","background-position":"center center","background-size":"auto","background-attachment":"scroll","background-type":"","background-media":"","overlay-type":"","overlay-color":"","overlay-opacity":"","overlay-gradient":""},"tablet":{"background-color":"var(--ast-global-color-5)","background-image":"","background-repeat":"repeat","background-position":"center center","background-size":"auto","background-attachment":"scroll","background-type":"","background-media":"","overlay-type":"","overlay-color":"","overlay-opacity":"","overlay-gradient":""},"mobile":{"background-color":"var(--ast-global-color-5)","background-image":"","background-repeat":"repeat","background-position":"center center","background-size":"auto","background-attachment":"scroll","background-type":"","background-media":"","overlay-type":"","overlay-color":"","overlay-opacity":"","overlay-gradient":""}},"footnotes":""},"class_list":["post-4703","page","type-page","status-publish","hentry"],"_links":{"self":[{"href":"https:\/\/hiljalleen.com\/fi\/wp-json\/wp\/v2\/pages\/4703","targetHints":{"allow":["GET"]}}],"collection":[{"href":"https:\/\/hiljalleen.com\/fi\/wp-json\/wp\/v2\/pages"}],"about":[{"href":"https:\/\/hiljalleen.com\/fi\/wp-json\/wp\/v2\/types\/page"}],"author":[{"embeddable":true,"href":"https:\/\/hiljalleen.com\/fi\/wp-json\/wp\/v2\/users\/3"}],"replies":[{"embeddable":true,"href":"https:\/\/hiljalleen.com\/fi\/wp-json\/wp\/v2\/comments?post=4703"}],"version-history":[{"count":61,"href":"https:\/\/hiljalleen.com\/fi\/wp-json\/wp\/v2\/pages\/4703\/revisions"}],"predecessor-version":[{"id":5089,"href":"https:\/\/hiljalleen.com\/fi\/wp-json\/wp\/v2\/pages\/4703\/revisions\/5089"}],"wp:attachment":[{"href":"https:\/\/hiljalleen.com\/fi\/wp-json\/wp\/v2\/media?parent=4703"}],"curies":[{"name":"wp","href":"https:\/\/api.w.org\/{rel}","templated":true}]}}