{"id":1318,"date":"2025-11-01T19:23:27","date_gmt":"2025-11-01T19:23:27","guid":{"rendered":"https:\/\/hiljalleen.com\/about\/"},"modified":"2026-04-25T19:38:19","modified_gmt":"2026-04-25T19:38:19","slug":"about","status":"publish","type":"page","link":"https:\/\/hiljalleen.com\/fi\/about\/","title":{"rendered":"About"},"content":{"rendered":"<div data-elementor-type=\"wp-page\" data-elementor-id=\"1318\" class=\"elementor elementor-1318\">\n\t\t\t\t<div class=\"elementor-element elementor-element-2e39a611 e-flex e-con-boxed e-con e-parent\" data-id=\"2e39a611\" data-element_type=\"container\" data-e-type=\"container\" data-settings=\"{&quot;background_background&quot;:&quot;classic&quot;}\">\n\t\t\t\t\t<div class=\"e-con-inner\">\n\t\t\t\t<div class=\"elementor-element elementor-element-5f594e84 elementor-widget elementor-widget-image\" data-id=\"5f594e84\" data-element_type=\"widget\" data-e-type=\"widget\" data-widget_type=\"image.default\">\n\t\t\t\t<div class=\"elementor-widget-container\">\n\t\t\t\t\t\t\t\t\t\t\t\t\t\t\t<img fetchpriority=\"high\" decoding=\"async\" width=\"713\" height=\"600\" src=\"https:\/\/hiljalleen.com\/wp-content\/uploads\/2026\/04\/hiljalleen_logo_reunuksilla.webp\" class=\"attachment-large size-large wp-image-4926\" alt=\"hiljalleen logo reunuksilla\" srcset=\"https:\/\/hiljalleen.com\/wp-content\/uploads\/2026\/04\/hiljalleen_logo_reunuksilla.webp 713w, https:\/\/hiljalleen.com\/wp-content\/uploads\/2026\/04\/hiljalleen_logo_reunuksilla-300x252.webp 300w, https:\/\/hiljalleen.com\/wp-content\/uploads\/2026\/04\/hiljalleen_logo_reunuksilla-14x12.webp 14w\" sizes=\"(max-width: 713px) 100vw, 713px\" title=\"About\">\t\t\t\t\t\t\t\t\t\t\t\t\t\t\t<\/div>\n\t\t\t\t<\/div>\n\t\t\t\t\t<\/div>\n\t\t\t\t<\/div>\n\t\t<div class=\"elementor-element elementor-element-cb1a0f8 e-flex e-con-boxed e-con e-parent\" data-id=\"cb1a0f8\" data-element_type=\"container\" data-e-type=\"container\">\n\t\t\t\t\t<div class=\"e-con-inner\">\n\t\t\t\t<div class=\"elementor-element elementor-element-b583056 elementor-widget elementor-widget-spacer\" data-id=\"b583056\" data-element_type=\"widget\" data-e-type=\"widget\" data-widget_type=\"spacer.default\">\n\t\t\t\t<div class=\"elementor-widget-container\">\n\t\t\t\t\t\t\t<div class=\"elementor-spacer\">\n\t\t\t<div class=\"elementor-spacer-inner\"><\/div>\n\t\t<\/div>\n\t\t\t\t\t\t<\/div>\n\t\t\t\t<\/div>\n\t\t\t\t<div class=\"elementor-element elementor-element-74e4907 elementor-widget elementor-widget-heading\" data-id=\"74e4907\" data-element_type=\"widget\" data-e-type=\"widget\" data-widget_type=\"heading.default\">\n\t\t\t\t<div class=\"elementor-widget-container\">\n\t\t\t\t\t<h2 class=\"elementor-heading-title elementor-size-default\">Tiimimme esittely<\/h2>\t\t\t\t<\/div>\n\t\t\t\t<\/div>\n\t\t\t\t<div class=\"elementor-element elementor-element-85af0a1 elementor-widget elementor-widget-spacer\" data-id=\"85af0a1\" data-element_type=\"widget\" data-e-type=\"widget\" data-widget_type=\"spacer.default\">\n\t\t\t\t<div class=\"elementor-widget-container\">\n\t\t\t\t\t\t\t<div class=\"elementor-spacer\">\n\t\t\t<div class=\"elementor-spacer-inner\"><\/div>\n\t\t<\/div>\n\t\t\t\t\t\t<\/div>\n\t\t\t\t<\/div>\n\t\t\t\t\t<\/div>\n\t\t\t\t<\/div>\n\t\t<div class=\"elementor-element elementor-element-22825f3 e-flex e-con-boxed e-con e-parent\" data-id=\"22825f3\" data-element_type=\"container\" data-e-type=\"container\" data-settings=\"{&quot;background_background&quot;:&quot;classic&quot;}\">\n\t\t\t\t\t<div class=\"e-con-inner\">\n\t\t<div class=\"elementor-element elementor-element-e6150a2 e-con-full e-flex e-con e-child\" data-id=\"e6150a2\" data-element_type=\"container\" data-e-type=\"container\">\n\t\t\t\t<div class=\"elementor-element elementor-element-69a8f60 elementor-widget elementor-widget-image\" data-id=\"69a8f60\" data-element_type=\"widget\" data-e-type=\"widget\" data-widget_type=\"image.default\">\n\t\t\t\t<div class=\"elementor-widget-container\">\n\t\t\t\t\t\t\t\t\t\t\t\t\t\t\t<img decoding=\"async\" width=\"658\" height=\"1024\" src=\"https:\/\/hiljalleen.com\/wp-content\/uploads\/2025\/12\/about_us_enni4-658x1024.webp\" class=\"attachment-large size-large wp-image-4722\" alt=\"about us enni4\" srcset=\"https:\/\/hiljalleen.com\/wp-content\/uploads\/2025\/12\/about_us_enni4-658x1024.webp 658w, https:\/\/hiljalleen.com\/wp-content\/uploads\/2025\/12\/about_us_enni4-193x300.webp 193w, https:\/\/hiljalleen.com\/wp-content\/uploads\/2025\/12\/about_us_enni4-768x1195.webp 768w, https:\/\/hiljalleen.com\/wp-content\/uploads\/2025\/12\/about_us_enni4.webp 771w\" sizes=\"(max-width: 658px) 100vw, 658px\" title=\"About\">\t\t\t\t\t\t\t\t\t\t\t\t\t\t\t<\/div>\n\t\t\t\t<\/div>\n\t\t\t\t<\/div>\n\t\t<div class=\"elementor-element elementor-element-96bd502 e-con-full e-flex e-con e-child\" data-id=\"96bd502\" data-element_type=\"container\" data-e-type=\"container\">\n\t\t\t\t<div class=\"elementor-element elementor-element-a3059cc elementor-widget-tablet__width-inherit elementor-widget elementor-widget-heading\" data-id=\"a3059cc\" data-element_type=\"widget\" data-e-type=\"widget\" data-widget_type=\"heading.default\">\n\t\t\t\t<div class=\"elementor-widget-container\">\n\t\t\t\t\t<h2 class=\"elementor-heading-title elementor-size-default\">Hei vaan!<\/h2>\t\t\t\t<\/div>\n\t\t\t\t<\/div>\n\t\t\t\t<div class=\"elementor-element elementor-element-1707dfc elementor-widget elementor-widget-text-editor\" data-id=\"1707dfc\" data-element_type=\"widget\" data-e-type=\"widget\" data-widget_type=\"text-editor.default\">\n\t\t\t\t<div class=\"elementor-widget-container\">\n\t\t\t\t\t\t\t\t\t<p>Olen varsinais-suomalainen psykologi ja Hiljalleen- sovelluskehitt\u00e4j\u00e4. \n\n\u00c4itin\u00e4 olen n\u00e4hnyt  ja kokenut itse, miten raskasta vanhemmuus voi toisinaan olla. Haluan jakaa kanssasi ne ty\u00f6kalut, mit\u00e4 olen l\u00f6yt\u00e4nyt matkani varrella, ja mist\u00e4 on aidosti ollut hy\u00f6ty\u00e4. \n\nMinulla on lasten psykologina pitk\u00e4 k\u00e4yt\u00e4nn\u00f6n kokemus lasten ja perheiden tukemisesta, ja olen ty\u00f6skennellyt alalla yli 10 vuotta. Erityisi\u00e4 mielenkiinnonkohteitani on itsemy\u00f6t\u00e4tunnon harjoittaminen, rentoutuminen ja hetkess\u00e4 el\u00e4minen.<span style=\"font-style: inherit; font-weight: inherit;\">Syd\u00e4nt\u00e4ni l\u00e4hell\u00e4 on erityisesti ahdistusta ja pelkotiloja helpottava hoito, sek\u00e4 sosiaalisten taitojen opettaminen lapsille. El\u00e4m\u00e4\u00e4ni ovat my\u00f6s l\u00e4heisesti koskettaneet puhumisen vaikeudet, ja n\u00e4ist\u00e4 olen hakenut paljon lis\u00e4koulutusta.\u00a0<\/span><\/p><p>Vapaa-ajallani rentoudun piirt\u00e4misen ja luovan kirjoittamisen parissa. Olen suunnitellut ja k\u00e4sin kuvittanut kaikki sovelluksemme.\u00a0<\/p>\t\t\t\t\t\t\t\t<\/div>\n\t\t\t\t<\/div>\n\t\t\t\t<\/div>\n\t\t\t\t\t<\/div>\n\t\t\t\t<\/div>\n\t\t<div class=\"elementor-element elementor-element-17dbe5f e-flex e-con-boxed e-con e-parent\" data-id=\"17dbe5f\" data-element_type=\"container\" data-e-type=\"container\" data-settings=\"{&quot;background_background&quot;:&quot;classic&quot;}\">\n\t\t\t\t\t<div class=\"e-con-inner\">\n\t\t\t\t<div class=\"elementor-element elementor-element-a168370 elementor-widget-divider--view-line elementor-widget elementor-widget-divider\" data-id=\"a168370\" data-element_type=\"widget\" data-e-type=\"widget\" data-widget_type=\"divider.default\">\n\t\t\t\t<div class=\"elementor-widget-container\">\n\t\t\t\t\t\t\t<div class=\"elementor-divider\">\n\t\t\t<span class=\"elementor-divider-separator\">\n\t\t\t\t\t\t<\/span>\n\t\t<\/div>\n\t\t\t\t\t\t<\/div>\n\t\t\t\t<\/div>\n\t\t\t\t\t<\/div>\n\t\t\t\t<\/div>\n\t\t<div class=\"elementor-element elementor-element-aac19e2 e-flex e-con-boxed e-con e-parent\" data-id=\"aac19e2\" data-element_type=\"container\" data-e-type=\"container\" data-settings=\"{&quot;background_background&quot;:&quot;classic&quot;}\">\n\t\t\t\t\t<div class=\"e-con-inner\">\n\t\t<div class=\"elementor-element elementor-element-1f7f824 e-con-full e-flex e-con e-child\" data-id=\"1f7f824\" data-element_type=\"container\" data-e-type=\"container\">\n\t\t\t\t<div class=\"elementor-element elementor-element-8a22b56 elementor-widget elementor-widget-heading\" data-id=\"8a22b56\" data-element_type=\"widget\" data-e-type=\"widget\" data-widget_type=\"heading.default\">\n\t\t\t\t<div class=\"elementor-widget-container\">\n\t\t\t\t\t<h2 class=\"elementor-heading-title elementor-size-default\">Hei<\/h2>\t\t\t\t<\/div>\n\t\t\t\t<\/div>\n\t\t\t\t<div class=\"elementor-element elementor-element-70b1a4d elementor-widget elementor-widget-text-editor\" data-id=\"70b1a4d\" data-element_type=\"widget\" data-e-type=\"widget\" data-widget_type=\"text-editor.default\">\n\t\t\t\t<div class=\"elementor-widget-container\">\n\t\t\t\t\t\t\t\t\t<p>Olen ohjelmistokehitt\u00e4j\u00e4. Kirjoittelen mielell\u00e4ni koodia, ja osaan tuoda luovat ideat toteen digitaalisessa maailmassa. Tai, kuten lapseni sanoisivat, n\u00e4pyttelen n\u00e4pp\u00e4imist\u00f6\u00e4 ty\u00f6kseni.<span style=\"font-size: 1rem;\">\u00a0<\/span><\/p><p>Haluan tehd\u00e4 merkityksellisi\u00e4 asioita el\u00e4m\u00e4ss\u00e4ni ja auttaa ihmisi\u00e4 ymp\u00e4rill\u00e4ni. Minusta on hienoa muuttaa visiot ja unelmat konkreettiseksi arjen muutokseksi.<\/p><p>J\u00e4t\u00e4 viesti\u00e4 yhteydenottosivullamme tai laita s\u00e4hk\u00f6postia. Olisi mukava kuulla palautetta sovelluksista ja miten voimme muokata niit\u00e4 yh\u00e4 toimivammiksi.<\/p>\t\t\t\t\t\t\t\t<\/div>\n\t\t\t\t<\/div>\n\t\t\t\t<\/div>\n\t\t<div class=\"elementor-element elementor-element-07afb6e e-con-full e-flex e-con e-child\" data-id=\"07afb6e\" data-element_type=\"container\" data-e-type=\"container\">\n\t\t\t\t<div class=\"elementor-element elementor-element-2a64b31 elementor-widget elementor-widget-image\" data-id=\"2a64b31\" data-element_type=\"widget\" data-e-type=\"widget\" data-widget_type=\"image.default\">\n\t\t\t\t<div class=\"elementor-widget-container\">\n\t\t\t\t\t\t\t\t\t\t\t\t\t\t\t<img decoding=\"async\" width=\"658\" height=\"1024\" src=\"https:\/\/hiljalleen.com\/wp-content\/uploads\/2025\/12\/about_us_matias3-658x1024.png\" class=\"attachment-large size-large wp-image-4721\" alt=\"about us matias3\" srcset=\"https:\/\/hiljalleen.com\/wp-content\/uploads\/2025\/12\/about_us_matias3-658x1024.png 658w, https:\/\/hiljalleen.com\/wp-content\/uploads\/2025\/12\/about_us_matias3-193x300.png 193w, https:\/\/hiljalleen.com\/wp-content\/uploads\/2025\/12\/about_us_matias3-768x1195.png 768w, https:\/\/hiljalleen.com\/wp-content\/uploads\/2025\/12\/about_us_matias3.webp 771w\" sizes=\"(max-width: 658px) 100vw, 658px\" title=\"About\">\t\t\t\t\t\t\t\t\t\t\t\t\t\t\t<\/div>\n\t\t\t\t<\/div>\n\t\t\t\t<\/div>\n\t\t\t\t\t<\/div>\n\t\t\t\t<\/div>\n\t\t<div class=\"elementor-element elementor-element-155579b e-flex e-con-boxed e-con e-parent\" data-id=\"155579b\" data-element_type=\"container\" data-e-type=\"container\" data-settings=\"{&quot;background_background&quot;:&quot;classic&quot;}\">\n\t\t\t\t\t<div class=\"e-con-inner\">\n\t\t<div class=\"elementor-element elementor-element-2341193 e-con-full e-flex e-con e-child\" data-id=\"2341193\" data-element_type=\"container\" data-e-type=\"container\">\n\t\t\t\t<div class=\"elementor-element elementor-element-fb60f37 elementor-widget elementor-widget-image\" data-id=\"fb60f37\" data-element_type=\"widget\" data-e-type=\"widget\" data-widget_type=\"image.default\">\n\t\t\t\t<div class=\"elementor-widget-container\">\n\t\t\t\t\t\t\t\t\t\t\t\t\t\t\t<img loading=\"lazy\" decoding=\"async\" width=\"1439\" height=\"1920\" src=\"https:\/\/hiljalleen.com\/wp-content\/uploads\/2025\/12\/mika-luoma-aBWy6vLFmIk-unsplash-scaled.webp\" class=\"attachment-full size-full wp-image-4695\" alt=\"mika luoma abwy6vlfmik unsplash\" srcset=\"https:\/\/hiljalleen.com\/wp-content\/uploads\/2025\/12\/mika-luoma-aBWy6vLFmIk-unsplash-scaled.webp 1439w, https:\/\/hiljalleen.com\/wp-content\/uploads\/2025\/12\/mika-luoma-aBWy6vLFmIk-unsplash-225x300.webp 225w, https:\/\/hiljalleen.com\/wp-content\/uploads\/2025\/12\/mika-luoma-aBWy6vLFmIk-unsplash-767x1024.webp 767w, https:\/\/hiljalleen.com\/wp-content\/uploads\/2025\/12\/mika-luoma-aBWy6vLFmIk-unsplash-768x1025.webp 768w, https:\/\/hiljalleen.com\/wp-content\/uploads\/2025\/12\/mika-luoma-aBWy6vLFmIk-unsplash-1151x1536.jpg 1151w, https:\/\/hiljalleen.com\/wp-content\/uploads\/2025\/12\/mika-luoma-aBWy6vLFmIk-unsplash-1535x2048.jpg 1535w\" sizes=\"(max-width: 1439px) 100vw, 1439px\" title=\"About\">\t\t\t\t\t\t\t\t\t\t\t\t\t\t\t<\/div>\n\t\t\t\t<\/div>\n\t\t\t\t<\/div>\n\t\t<div class=\"elementor-element elementor-element-36bfc88 e-con-full e-flex e-con e-child\" data-id=\"36bfc88\" data-element_type=\"container\" data-e-type=\"container\">\n\t\t\t\t<div class=\"elementor-element elementor-element-fbf6f77 elementor-widget elementor-widget-heading\" data-id=\"fbf6f77\" data-element_type=\"widget\" data-e-type=\"widget\" data-widget_type=\"heading.default\">\n\t\t\t\t<div class=\"elementor-widget-container\">\n\t\t\t\t\t<h2 class=\"elementor-heading-title elementor-size-default\">Hiljalleen Oy<\/h2>\t\t\t\t<\/div>\n\t\t\t\t<\/div>\n\t\t\t\t<div class=\"elementor-element elementor-element-895ff38 elementor-widget elementor-widget-text-editor\" data-id=\"895ff38\" data-element_type=\"widget\" data-e-type=\"widget\" data-widget_type=\"text-editor.default\">\n\t\t\t\t<div class=\"elementor-widget-container\">\n\t\t\t\t\t\t\t\t\t<p>Olemme hyvin pieni kotimainen perheyritys, joka on perustettu vuonna 2025. Tavoitteenamme on luoda muutostarinoita parempaan niin perheille kuin lapsillekin. Sellaisia sovelluksia, joita perheet todella tarvitsevat.<\/p>\n<p>Yrityksell\u00e4mme koitamme tuoda lis\u00e4\u00e4 hyv\u00e4\u00e4 t\u00e4h\u00e4n maailmaan ja auttaa mahdollisimman montaa. Ja t\u00e4rkeint\u00e4, pyrimme siihen, ett\u00e4 sovelluksemme ovat sinulle ja lapsille turvallisia k\u00e4ytt\u00e4\u00e4.<\/p>\n<p>Sovelluksemme auttavat lapsia saamaan itsevarmuutta ja motivaatiota. Luomme muutoksia, jotka lis\u00e4\u00e4v\u00e4t lapsen sis\u00e4ist\u00e4 vahvuutta. Lapset voivat menetelmiemme avulla kokea tulevansa kuulluksi ja n\u00e4hdyksi my\u00f6nteisess\u00e4 valossa. N\u00e4in on mahdolista kehitt\u00e4\u00e4 taitoja, joilla saada pysyvi\u00e4 ja oikeita yst\u00e4vyyssuhteita, ja tulla aidosti ymm\u00e4rretyksi.&nbsp;<\/p>\n<div>\n<p>Otamme usein inspiraatiota Suomen kauniista luonnosta ja mets\u00e4maisemista.<\/p>\n<\/div>\t\t\t\t\t\t\t\t<\/div>\n\t\t\t\t<\/div>\n\t\t\t\t<\/div>\n\t\t\t\t\t<\/div>\n\t\t\t\t<\/div>\n\t\t<div class=\"elementor-element elementor-element-8d6c524 e-flex e-con-boxed e-con e-parent\" data-id=\"8d6c524\" data-element_type=\"container\" data-e-type=\"container\">\n\t\t\t\t\t<div class=\"e-con-inner\">\n\t\t\t\t<div class=\"elementor-element elementor-element-a4e5eb9 elementor-widget elementor-widget-text-editor\" data-id=\"a4e5eb9\" data-element_type=\"widget\" data-e-type=\"widget\" data-widget_type=\"text-editor.default\">\n\t\t\t\t<div class=\"elementor-widget-container\">\n\t\t\t\t\t\t\t\t\t<p>Sivustomme k\u00e4ytt\u00e4\u00e4 vain aitoja valokuvia. Valokuva ja kuvitus Enni Lehtinen, Mets\u00e4valokuva Mika Luoma (Unsplash)<\/p>\t\t\t\t\t\t\t\t<\/div>\n\t\t\t\t<\/div>\n\t\t\t\t\t<\/div>\n\t\t\t\t<\/div>\n\t\t<div class=\"elementor-element elementor-element-7d07ea5 e-flex e-con-boxed e-con e-parent\" data-id=\"7d07ea5\" data-element_type=\"container\" data-e-type=\"container\">\n\t\t\t\t\t<div class=\"e-con-inner\">\n\t\t\t\t\t<\/div>\n\t\t\t\t<\/div>\n\t\t\t\t<\/div>","protected":false},"excerpt":{"rendered":"<p>Introducing our team Hi there! I am a mom and a clinical child psychologist. As a mom I have seen the highs and lows of life and the realities that come with parenthood. And I am right there with you. I have worked as a child psychologist 10+ years and over the years worked with [&hellip;]<\/p>\n","protected":false},"author":1,"featured_media":0,"parent":0,"menu_order":0,"comment_status":"closed","ping_status":"closed","template":"","meta":{"_eb_attr":"","site-sidebar-layout":"no-sidebar","site-content-layout":"page-builder","ast-site-content-layout":"default","site-content-style":"default","site-sidebar-style":"default","ast-global-header-display":"","ast-banner-title-visibility":"","ast-main-header-display":"","ast-hfb-above-header-display":"","ast-hfb-below-header-display":"","ast-hfb-mobile-header-display":"","site-post-title":"disabled","ast-breadcrumbs-content":"","ast-featured-img":"disabled","footer-sml-layout":"","ast-disable-related-posts":"","theme-transparent-header-meta":"enabled","adv-header-id-meta":"","stick-header-meta":"","header-above-stick-meta":"","header-main-stick-meta":"","header-below-stick-meta":"","astra-migrate-meta-layouts":"default","ast-page-background-enabled":"default","ast-page-background-meta":{"desktop":{"background-color":"var(--ast-global-color-4)","background-image":"","background-repeat":"repeat","background-position":"center center","background-size":"auto","background-attachment":"scroll","background-type":"","background-media":"","overlay-type":"","overlay-color":"","overlay-opacity":"","overlay-gradient":""},"tablet":{"background-color":"","background-image":"","background-repeat":"repeat","background-position":"center center","background-size":"auto","background-attachment":"scroll","background-type":"","background-media":"","overlay-type":"","overlay-color":"","overlay-opacity":"","overlay-gradient":""},"mobile":{"background-color":"","background-image":"","background-repeat":"repeat","background-position":"center center","background-size":"auto","background-attachment":"scroll","background-type":"","background-media":"","overlay-type":"","overlay-color":"","overlay-opacity":"","overlay-gradient":""}},"ast-content-background-meta":{"desktop":{"background-color":"var(--ast-global-color-5)","background-image":"","background-repeat":"repeat","background-position":"center center","background-size":"auto","background-attachment":"scroll","background-type":"","background-media":"","overlay-type":"","overlay-color":"","overlay-opacity":"","overlay-gradient":""},"tablet":{"background-color":"var(--ast-global-color-5)","background-image":"","background-repeat":"repeat","background-position":"center center","background-size":"auto","background-attachment":"scroll","background-type":"","background-media":"","overlay-type":"","overlay-color":"","overlay-opacity":"","overlay-gradient":""},"mobile":{"background-color":"var(--ast-global-color-5)","background-image":"","background-repeat":"repeat","background-position":"center center","background-size":"auto","background-attachment":"scroll","background-type":"","background-media":"","overlay-type":"","overlay-color":"","overlay-opacity":"","overlay-gradient":""}},"footnotes":""},"class_list":["post-1318","page","type-page","status-publish","hentry"],"_links":{"self":[{"href":"https:\/\/hiljalleen.com\/fi\/wp-json\/wp\/v2\/pages\/1318","targetHints":{"allow":["GET"]}}],"collection":[{"href":"https:\/\/hiljalleen.com\/fi\/wp-json\/wp\/v2\/pages"}],"about":[{"href":"https:\/\/hiljalleen.com\/fi\/wp-json\/wp\/v2\/types\/page"}],"author":[{"embeddable":true,"href":"https:\/\/hiljalleen.com\/fi\/wp-json\/wp\/v2\/users\/1"}],"replies":[{"embeddable":true,"href":"https:\/\/hiljalleen.com\/fi\/wp-json\/wp\/v2\/comments?post=1318"}],"version-history":[{"count":87,"href":"https:\/\/hiljalleen.com\/fi\/wp-json\/wp\/v2\/pages\/1318\/revisions"}],"predecessor-version":[{"id":5086,"href":"https:\/\/hiljalleen.com\/fi\/wp-json\/wp\/v2\/pages\/1318\/revisions\/5086"}],"wp:attachment":[{"href":"https:\/\/hiljalleen.com\/fi\/wp-json\/wp\/v2\/media?parent=1318"}],"curies":[{"name":"wp","href":"https:\/\/api.w.org\/{rel}","templated":true}]}}